{"id":238,"date":"2025-02-24T10:02:45","date_gmt":"2025-02-24T09:02:45","guid":{"rendered":"https:\/\/deschevresetdesabeillessurlaubrac.fr\/?page_id=238"},"modified":"2025-04-07T11:08:39","modified_gmt":"2025-04-07T09:08:39","slug":"conditions-generales-de-ventes-et-mentions-legales","status":"publish","type":"page","link":"https:\/\/deschevresetdesabeillessurlaubrac.fr\/?page_id=238","title":{"rendered":"Conditions g\u00e9n\u00e9rales de ventes et mentions l\u00e9gales"},"content":{"rendered":"\t\t<div data-elementor-type=\"wp-page\" data-elementor-id=\"238\" class=\"elementor elementor-238\">\n\t\t\t\t<div class=\"elementor-element elementor-element-08e534e e-flex e-con-boxed e-con e-parent\" data-id=\"08e534e\" data-element_type=\"container\" data-e-type=\"container\">\n\t\t\t\t\t<div class=\"e-con-inner\">\n\t\t\t\t<div class=\"elementor-element elementor-element-8c3772a elementor-widget elementor-widget-text-editor\" data-id=\"8c3772a\" data-element_type=\"widget\" data-e-type=\"widget\" data-widget_type=\"text-editor.default\">\n\t\t\t\t<div class=\"elementor-widget-container\">\n\t\t\t\t\t\t\t\t\t<h1 data-start=\"190\" data-end=\"231\"><strong data-start=\"192\" data-end=\"231\">Conditions G\u00e9n\u00e9rales de Vente (CGV)<\/strong><\/h1><h2 data-start=\"233\" data-end=\"254\"><strong data-start=\"236\" data-end=\"252\">1. Pr\u00e9ambule<\/strong><\/h2><p data-start=\"255\" data-end=\"525\">Les pr\u00e9sentes Conditions G\u00e9n\u00e9rales de Vente (CGV) r\u00e9gissent les ventes conclues sur le site <strong data-start=\"347\" data-end=\"387\">deschevresetdesabeillessurlaubrac.fr<\/strong>, \u00e9dit\u00e9 par <strong data-start=\"399\" data-end=\"415\">GAEC ALAZARD<\/strong>. En passant commande sur ce site, le client d\u00e9clare accepter int\u00e9gralement et sans r\u00e9serve les pr\u00e9sentes CGV.<\/p><h2 data-start=\"527\" data-end=\"564\"><strong data-start=\"530\" data-end=\"562\">2. Identification du vendeur<\/strong><\/h2><ul data-start=\"565\" data-end=\"1054\"><li data-start=\"565\" data-end=\"605\"><strong data-start=\"567\" data-end=\"590\">Nom de la soci\u00e9t\u00e9 :<\/strong> GAEC ALAZARD<\/li><li data-start=\"606\" data-end=\"683\"><strong data-start=\"608\" data-end=\"629\">Forme juridique :<\/strong> Groupement agricole d&rsquo;exploitation en commun (GAEC)<\/li><li data-start=\"684\" data-end=\"768\"><strong data-start=\"686\" data-end=\"711\">Activit\u00e9 principale :<\/strong> \u00c9levage d\u2019autres bovins et de buffles (NAF\/APE 01.42Z)<\/li><li data-start=\"769\" data-end=\"825\"><strong data-start=\"771\" data-end=\"789\">Si\u00e8ge social :<\/strong> LE QUIE, 12210 ARGENCES EN AUBRAC<\/li><li data-start=\"826\" data-end=\"853\"><strong data-start=\"828\" data-end=\"839\">SIREN :<\/strong> 538 025 537<\/li><li data-start=\"854\" data-end=\"902\"><strong data-start=\"856\" data-end=\"882\">SIRET (si\u00e8ge social) :<\/strong> 538 025 537 00019<\/li><li data-start=\"903\" data-end=\"955\"><strong data-start=\"905\" data-end=\"936\">N\u00b0 TVA Intracommunautaire :<\/strong> FR18 538 025 537<\/li><li data-start=\"996\" data-end=\"1054\"><strong data-start=\"998\" data-end=\"1011\">Contact :<\/strong>\u00a0deschevresetdesabeilles@gmail.com<\/li><\/ul><h2 data-start=\"1056\" data-end=\"1076\"><strong data-start=\"1059\" data-end=\"1074\">3. Produits<\/strong><\/h2><p data-start=\"1077\" data-end=\"1376\">Les produits propos\u00e9s \u00e0 la vente sont des savons artisanaux dont les caract\u00e9ristiques (composition, parfums, poids, etc.) sont d\u00e9taill\u00e9es sur chaque fiche produit du site. Les photographies et descriptions n\u2019ont qu\u2019une valeur indicative et ne sauraient engager la responsabilit\u00e9 de <strong data-start=\"1359\" data-end=\"1375\">GAEC ALAZARD<\/strong>.<\/p><h2 data-start=\"1378\" data-end=\"1394\"><strong data-start=\"1381\" data-end=\"1392\">4. Prix<\/strong><\/h2><p data-start=\"1395\" data-end=\"1595\">Les prix sont indiqu\u00e9s en euros, toutes taxes comprises (TTC), et incluent la TVA au taux en vigueur. Les frais de livraison et tous autres frais \u00e9ventuels sont pr\u00e9cis\u00e9s lors du processus de commande.<\/p><h2 data-start=\"1597\" data-end=\"1617\"><strong data-start=\"1600\" data-end=\"1615\">5. Commande<\/strong><\/h2><p data-start=\"1618\" data-end=\"1868\">Le client s\u00e9lectionne les produits de son choix et proc\u00e8de \u00e0 la validation de sa commande via la proc\u00e9dure en ligne. La commande est consid\u00e9r\u00e9e comme d\u00e9finitive d\u00e8s confirmation du paiement et l\u2019envoi d\u2019un e-mail de confirmation par <strong data-start=\"1851\" data-end=\"1867\">GAEC ALAZARD<\/strong>.<\/p><h2 data-start=\"1870\" data-end=\"1890\"><strong data-start=\"1873\" data-end=\"1888\">6. Paiement<\/strong><\/h2><p data-start=\"1891\" data-end=\"2098\">Le paiement s\u2019effectue en ligne par les moyens propos\u00e9s sur le site CB La s\u00e9curit\u00e9 de la transaction est assur\u00e9e par STRIPE selon les normes en vigueur.<\/p><h2 data-start=\"2100\" data-end=\"2121\"><strong data-start=\"2103\" data-end=\"2119\">7. Livraison<\/strong><\/h2><ul data-start=\"2123\" data-end=\"2732\"><li data-start=\"2123\" data-end=\"2254\"><p data-start=\"2125\" data-end=\"2254\"><strong data-start=\"2125\" data-end=\"2137\">D\u00e9lais :<\/strong> Le d\u00e9lai de pr\u00e9paration et de livraison est de <strong data-start=\"2185\" data-end=\"2207\">3 \u00e0 5 jours ouvr\u00e9s<\/strong> \u00e0 compter de la confirmation de la commande.<\/p><\/li><li data-start=\"2255\" data-end=\"2470\"><p data-start=\"2257\" data-end=\"2470\"><strong data-start=\"2257\" data-end=\"2281\">Modes de livraison :<\/strong> Les produits sont exp\u00e9di\u00e9s via <strong data-start=\"2313\" data-end=\"2343\">Colissimo et Mondial Relay<\/strong>. La livraison s\u2019effectue en point relais ou en Click and Collect, selon le choix effectu\u00e9 par le client lors de la commande.<\/p><\/li><li data-start=\"2471\" data-end=\"2732\"><p data-start=\"2473\" data-end=\"2512\"><strong data-start=\"2473\" data-end=\"2510\">Tarifs de livraison \u2013 Colissimo :<\/strong><\/p><table data-start=\"2516\" data-end=\"2732\"><thead data-start=\"2516\" data-end=\"2546\"><tr data-start=\"2516\" data-end=\"2546\"><th data-start=\"2516\" data-end=\"2533\">Poids du colis<\/th><th data-start=\"2533\" data-end=\"2546\">Tarif (\u20ac)<\/th><\/tr><\/thead><tbody data-start=\"2580\" data-end=\"2732\"><tr data-start=\"2580\" data-end=\"2603\"><td>0 \u00e0 0,25 kg<\/td><td>6 \u20ac<\/td><\/tr><tr data-start=\"2606\" data-end=\"2631\"><td>0,251 \u00e0 0,5 kg<\/td><td>8 \u20ac<\/td><\/tr><tr data-start=\"2634\" data-end=\"2660\"><td>0,501 \u00e0 0,75 kg<\/td><td>9 \u20ac<\/td><\/tr><tr data-start=\"2663\" data-end=\"2686\"><td>0,75 \u00e0 1 kg<\/td><td>10 \u20ac<\/td><\/tr><tr data-start=\"2689\" data-end=\"2709\"><td>1 \u00e0 2 kg<\/td><td>12 \u20ac<\/td><\/tr><tr data-start=\"2712\" data-end=\"2732\"><td>3 \u00e0 5 kg<\/td><td>17 \u20ac<\/td><\/tr><\/tbody><\/table><\/li><\/ul><p data-start=\"2734\" data-end=\"2931\">Le client doit fournir une adresse de livraison compl\u00e8te et correcte pour garantir la bonne application de ces frais. En cas de retard significatif, <strong data-start=\"2883\" data-end=\"2899\">GAEC ALAZARD<\/strong> informera le client par e-mail.<\/p><h2 data-start=\"2933\" data-end=\"2966\"><strong data-start=\"2936\" data-end=\"2964\">8. Droit de r\u00e9tractation<\/strong><\/h2><p data-start=\"2967\" data-end=\"3288\">Conform\u00e9ment \u00e0 la l\u00e9gislation en vigueur, le client dispose d\u2019un d\u00e9lai de <strong data-start=\"3041\" data-end=\"3053\">14 jours<\/strong> \u00e0 compter de la r\u00e9ception des produits pour exercer son droit de r\u00e9tractation, sans avoir \u00e0 fournir de justification. Les frais de retour sont \u00e0 la charge du client, sauf disposition contraire pr\u00e9vue dans des conditions particuli\u00e8res.<\/p><h2 data-start=\"3290\" data-end=\"3340\"><strong data-start=\"3293\" data-end=\"3338\">9. Garanties et Service Apr\u00e8s-Vente (SAV)<\/strong><\/h2><p data-start=\"3341\" data-end=\"3612\">Les produits b\u00e9n\u00e9ficient de la garantie l\u00e9gale de conformit\u00e9 et de la garantie contre les vices cach\u00e9s. En cas de produit d\u00e9fectueux ou non conforme, le client est invit\u00e9 \u00e0 contacter le service client via [adresse e-mail] pour convenir d\u2019un \u00e9change ou d\u2019un remboursement.<\/p><h2 data-start=\"3614\" data-end=\"3641\"><strong data-start=\"3617\" data-end=\"3639\">10. Responsabilit\u00e9<\/strong><\/h2><p data-start=\"3642\" data-end=\"3868\"><strong data-start=\"3642\" data-end=\"3658\">GAEC ALAZARD<\/strong> ne pourra \u00eatre tenu pour responsable des dommages directs ou indirects qui pourraient survenir du fait de l\u2019utilisation du site ou de l\u2019achat des produits, dans la mesure permise par la l\u00e9gislation applicable.<\/p><h2 data-start=\"3870\" data-end=\"3907\"><strong data-start=\"3873\" data-end=\"3905\">11. Propri\u00e9t\u00e9 intellectuelle<\/strong><\/h2><p data-start=\"3908\" data-end=\"4142\">Tous les \u00e9l\u00e9ments du site (textes, images, logos, etc.) sont la propri\u00e9t\u00e9 exclusive de <strong data-start=\"3995\" data-end=\"4011\">GAEC ALAZARD<\/strong> et sont prot\u00e9g\u00e9s par le droit d\u2019auteur. Toute reproduction, totale ou partielle, est interdite sans autorisation pr\u00e9alable \u00e9crite.<\/p><h2 data-start=\"4144\" data-end=\"4177\"><strong data-start=\"4147\" data-end=\"4175\">12. Donn\u00e9es personnelles<\/strong><\/h2><p data-start=\"4178\" data-end=\"4488\">Les informations personnelles recueillies lors de la commande sont n\u00e9cessaires au traitement de celle-ci. Elles sont collect\u00e9es conform\u00e9ment \u00e0 la r\u00e9glementation en vigueur (RGPD). Le client dispose d\u2019un droit d\u2019acc\u00e8s, de rectification et de suppression de ses donn\u00e9es en contactant [adresse e-mail de contact].<\/p><h2 data-start=\"4490\" data-end=\"4528\"><strong data-start=\"4493\" data-end=\"4526\">13. Loi applicable et litiges<\/strong><\/h2><p data-start=\"4529\" data-end=\"4756\">Les pr\u00e9sentes CGV sont r\u00e9gies par la loi fran\u00e7aise. En cas de litige, <strong data-start=\"4599\" data-end=\"4615\">GAEC ALAZARD<\/strong> s\u2019engage \u00e0 rechercher une solution amiable avant toute action judiciaire. \u00c0 d\u00e9faut d\u2019accord, le litige sera soumis aux tribunaux comp\u00e9tents.<\/p><hr data-start=\"4758\" data-end=\"4761\" \/><h1 data-start=\"4763\" data-end=\"4785\"><strong data-start=\"4765\" data-end=\"4785\">Mentions L\u00e9gales<\/strong><\/h1><h2 data-start=\"4787\" data-end=\"4814\"><strong data-start=\"4790\" data-end=\"4812\">1. \u00c9dition du site<\/strong><\/h2><ul data-start=\"4815\" data-end=\"5272\"><li data-start=\"4815\" data-end=\"4873\"><strong data-start=\"4817\" data-end=\"4834\">Nom du site :<\/strong> deschevresetdesabeillessurlaubrac.fr<\/li><li data-start=\"4874\" data-end=\"4904\"><strong data-start=\"4876\" data-end=\"4889\">Editeur :<\/strong> GAEC ALAZARD<\/li><li data-start=\"4905\" data-end=\"4961\"><strong data-start=\"4907\" data-end=\"4925\">Si\u00e8ge social :<\/strong> LE QUIE, 12210 ARGENCES EN AUBRAC<\/li><li data-start=\"4962\" data-end=\"5039\"><strong data-start=\"4964\" data-end=\"4985\">Forme juridique :<\/strong> Groupement agricole d&rsquo;exploitation en commun (GAEC)<\/li><li data-start=\"5040\" data-end=\"5067\"><strong data-start=\"5042\" data-end=\"5053\">SIREN :<\/strong> 538 025 537<\/li><li data-start=\"5068\" data-end=\"5101\"><strong data-start=\"5070\" data-end=\"5081\">SIRET :<\/strong> 538 025 537 00019<\/li><li data-start=\"5102\" data-end=\"5154\"><strong data-start=\"5104\" data-end=\"5135\">N\u00b0 TVA Intracommunautaire :<\/strong> FR18 538 025 537<\/li><li data-start=\"5155\" data-end=\"5213\"><strong data-start=\"5157\" data-end=\"5190\">Directeur de la publication :<\/strong>\u00a0Caroline Alazard<\/li><li data-start=\"5214\" data-end=\"5272\"><strong data-start=\"5216\" data-end=\"5229\">Contact :<\/strong>\u00a0deschevresetdesabeilles@gmail.com<\/li><\/ul><h2 data-start=\"5274\" data-end=\"5297\"><strong data-start=\"5277\" data-end=\"5295\">2. H\u00e9bergement<\/strong><\/h2><p data-start=\"5298\" data-end=\"5366\">Le site <strong data-start=\"5306\" data-end=\"5346\">deschevresetdesabeillessurlaubrac.fr<\/strong> est h\u00e9berg\u00e9 par :<\/p><ul data-start=\"5367\" data-end=\"5546\"><li data-start=\"5367\" data-end=\"5390\"><strong data-start=\"5369\" data-end=\"5384\">H\u00e9bergeur :<\/strong> OVH<\/li><li data-start=\"5391\" data-end=\"5448\"><strong data-start=\"5393\" data-end=\"5406\">Adresse :<\/strong> 2 rue Kellermann, 59100 Roubaix, France<\/li><li data-start=\"5449\" data-end=\"5546\"><strong data-start=\"5451\" data-end=\"5466\">T\u00e9l\u00e9phone :<\/strong> +33 9 72 10 10 07<br data-start=\"5484\" data-end=\"5487\" \/>Le site est con\u00e7u et g\u00e9r\u00e9 sous la plateforme <strong data-start=\"5532\" data-end=\"5545\">WordPress<\/strong>.<\/li><\/ul><h2 data-start=\"5548\" data-end=\"5584\"><strong data-start=\"5551\" data-end=\"5582\">3. Propri\u00e9t\u00e9 intellectuelle<\/strong><\/h2><p data-start=\"5585\" data-end=\"5888\">L\u2019ensemble des contenus pr\u00e9sents sur le site (textes, images, logos, vid\u00e9os, etc.) est prot\u00e9g\u00e9 par le droit d\u2019auteur et constitue la propri\u00e9t\u00e9 exclusive de <strong data-start=\"5741\" data-end=\"5757\">GAEC ALAZARD<\/strong>. Toute reproduction, repr\u00e9sentation ou exploitation, m\u00eame partielle, sans autorisation \u00e9crite pr\u00e9alable est strictement interdite.<\/p><h2 data-start=\"5890\" data-end=\"5937\"><strong data-start=\"5893\" data-end=\"5935\">4. Protection des donn\u00e9es personnelles<\/strong><\/h2><p data-start=\"5938\" data-end=\"6132\">Conform\u00e9ment au RGPD, vous disposez d\u2019un droit d\u2019acc\u00e8s, de rectification et de suppression des donn\u00e9es vous concernant. Pour exercer ce droit, veuillez contacter : [adresse e-mail de contact].<\/p><h2 data-start=\"6134\" data-end=\"6153\"><strong data-start=\"6137\" data-end=\"6151\">5. Cookies<\/strong><\/h2><p data-start=\"6154\" data-end=\"6376\">Le site <strong data-start=\"6162\" data-end=\"6202\">deschevresetdesabeillessurlaubrac.fr<\/strong> utilise des cookies afin d\u2019am\u00e9liorer la navigation et de proposer des contenus personnalis\u00e9s. Vous pouvez configurer votre navigateur pour refuser l\u2019utilisation des cookies.<\/p><h2 data-start=\"6378\" data-end=\"6404\"><strong data-start=\"6381\" data-end=\"6402\">6. Responsabilit\u00e9<\/strong><\/h2><p data-start=\"6405\" data-end=\"6644\"><strong data-start=\"6405\" data-end=\"6421\">GAEC ALAZARD<\/strong> s\u2019efforce de fournir sur le site des informations fiables et r\u00e9guli\u00e8rement mises \u00e0 jour. Toutefois, il ne pourra \u00eatre tenu responsable des erreurs ou omissions pr\u00e9sentes sur le site ni des cons\u00e9quences de leur utilisation.<\/p><h2 data-start=\"6646\" data-end=\"6674\"><strong data-start=\"6649\" data-end=\"6672\">7. Droit applicable<\/strong><\/h2><p data-start=\"6675\" data-end=\"6835\">Les pr\u00e9sentes mentions l\u00e9gales sont r\u00e9gies par la loi fran\u00e7aise. Tout litige relatif \u00e0 l\u2019utilisation du site sera soumis aux juridictions comp\u00e9tentes en France.<\/p>\t\t\t\t\t\t\t\t<\/div>\n\t\t\t\t<\/div>\n\t\t\t\t\t<\/div>\n\t\t\t\t<\/div>\n\t\t\t\t<\/div>\n\t\t","protected":false},"excerpt":{"rendered":"<p>Conditions G\u00e9n\u00e9rales de Vente (CGV) 1. Pr\u00e9ambule Les pr\u00e9sentes Conditions G\u00e9n\u00e9rales de Vente (CGV) r\u00e9gissent les ventes conclues sur le [&hellip;]<\/p>\n","protected":false},"author":1,"featured_media":0,"parent":0,"menu_order":0,"comment_status":"closed","ping_status":"closed","template":"","meta":{"site-sidebar-layout":"default","site-content-layout":"","ast-site-content-layout":"","site-content-style":"default","site-sidebar-style":"default","ast-global-header-display":"","ast-banner-title-visibility":"","ast-main-header-display":"","ast-hfb-above-header-display":"","ast-hfb-below-header-display":"","ast-hfb-mobile-header-display":"","site-post-title":"","ast-breadcrumbs-content":"","ast-featured-img":"","footer-sml-layout":"","theme-transparent-header-meta":"","adv-header-id-meta":"","stick-header-meta":"","header-above-stick-meta":"","header-main-stick-meta":"","header-below-stick-meta":"","astra-migrate-meta-layouts":"default","ast-page-background-enabled":"default","ast-page-background-meta":{"desktop":{"background-color":"var(--ast-global-color-5)","background-image":"","background-repeat":"repeat","background-position":"center center","background-size":"auto","background-attachment":"scroll","background-type":"","background-media":"","overlay-type":"","overlay-color":"","overlay-opacity":"","overlay-gradient":""},"tablet":{"background-color":"","background-image":"","background-repeat":"repeat","background-position":"center center","background-size":"auto","background-attachment":"scroll","background-type":"","background-media":"","overlay-type":"","overlay-color":"","overlay-opacity":"","overlay-gradient":""},"mobile":{"background-color":"","background-image":"","background-repeat":"repeat","background-position":"center center","background-size":"auto","background-attachment":"scroll","background-type":"","background-media":"","overlay-type":"","overlay-color":"","overlay-opacity":"","overlay-gradient":""}},"ast-content-background-meta":{"desktop":{"background-color":"var(--ast-global-color-4)","background-image":"","background-repeat":"repeat","background-position":"center center","background-size":"auto","background-attachment":"scroll","background-type":"","background-media":"","overlay-type":"","overlay-color":"","overlay-opacity":"","overlay-gradient":""},"tablet":{"background-color":"var(--ast-global-color-4)","background-image":"","background-repeat":"repeat","background-position":"center center","background-size":"auto","background-attachment":"scroll","background-type":"","background-media":"","overlay-type":"","overlay-color":"","overlay-opacity":"","overlay-gradient":""},"mobile":{"background-color":"var(--ast-global-color-4)","background-image":"","background-repeat":"repeat","background-position":"center center","background-size":"auto","background-attachment":"scroll","background-type":"","background-media":"","overlay-type":"","overlay-color":"","overlay-opacity":"","overlay-gradient":""}},"footnotes":""},"class_list":["post-238","page","type-page","status-publish","hentry"],"yoast_head":"<!-- This site is optimized with the Yoast SEO plugin v27.4 - https:\/\/yoast.com\/product\/yoast-seo-wordpress\/ -->\n<title>Conditions g\u00e9n\u00e9rales de ventes et mentions l\u00e9gales - Des ch\u00e8vres et des abeilles sur l&#039;Aubrac<\/title>\n<meta name=\"robots\" content=\"index, follow, max-snippet:-1, max-image-preview:large, max-video-preview:-1\" \/>\n<link rel=\"canonical\" href=\"https:\/\/deschevresetdesabeillessurlaubrac.fr\/?page_id=238\" \/>\n<meta property=\"og:locale\" content=\"fr_FR\" \/>\n<meta property=\"og:type\" content=\"article\" \/>\n<meta property=\"og:title\" content=\"Conditions g\u00e9n\u00e9rales de ventes et mentions l\u00e9gales - Des ch\u00e8vres et des abeilles sur l&#039;Aubrac\" \/>\n<meta property=\"og:description\" content=\"Conditions G\u00e9n\u00e9rales de Vente (CGV) 1. Pr\u00e9ambule Les pr\u00e9sentes Conditions G\u00e9n\u00e9rales de Vente (CGV) r\u00e9gissent les ventes conclues sur le [&hellip;]\" \/>\n<meta property=\"og:url\" content=\"https:\/\/deschevresetdesabeillessurlaubrac.fr\/?page_id=238\" \/>\n<meta property=\"og:site_name\" content=\"Des ch\u00e8vres et des abeilles sur l&#039;Aubrac\" \/>\n<meta property=\"article:modified_time\" content=\"2025-04-07T09:08:39+00:00\" \/>\n<meta name=\"twitter:card\" content=\"summary_large_image\" \/>\n<meta name=\"twitter:label1\" content=\"Dur\u00e9e de lecture estim\u00e9e\" \/>\n\t<meta name=\"twitter:data1\" content=\"5 minutes\" \/>\n<script type=\"application\/ld+json\" class=\"yoast-schema-graph\">{\"@context\":\"https:\\\/\\\/schema.org\",\"@graph\":[{\"@type\":\"WebPage\",\"@id\":\"https:\\\/\\\/deschevresetdesabeillessurlaubrac.fr\\\/?page_id=238\",\"url\":\"https:\\\/\\\/deschevresetdesabeillessurlaubrac.fr\\\/?page_id=238\",\"name\":\"Conditions g\u00e9n\u00e9rales de ventes et mentions l\u00e9gales - Des ch\u00e8vres et des abeilles sur l&#039;Aubrac\",\"isPartOf\":{\"@id\":\"https:\\\/\\\/deschevresetdesabeillessurlaubrac.fr\\\/#website\"},\"datePublished\":\"2025-02-24T09:02:45+00:00\",\"dateModified\":\"2025-04-07T09:08:39+00:00\",\"breadcrumb\":{\"@id\":\"https:\\\/\\\/deschevresetdesabeillessurlaubrac.fr\\\/?page_id=238#breadcrumb\"},\"inLanguage\":\"fr-FR\",\"potentialAction\":[{\"@type\":\"ReadAction\",\"target\":[\"https:\\\/\\\/deschevresetdesabeillessurlaubrac.fr\\\/?page_id=238\"]}]},{\"@type\":\"BreadcrumbList\",\"@id\":\"https:\\\/\\\/deschevresetdesabeillessurlaubrac.fr\\\/?page_id=238#breadcrumb\",\"itemListElement\":[{\"@type\":\"ListItem\",\"position\":1,\"name\":\"Accueil\",\"item\":\"https:\\\/\\\/deschevresetdesabeillessurlaubrac.fr\\\/\"},{\"@type\":\"ListItem\",\"position\":2,\"name\":\"Conditions g\u00e9n\u00e9rales de ventes et mentions l\u00e9gales\"}]},{\"@type\":\"WebSite\",\"@id\":\"https:\\\/\\\/deschevresetdesabeillessurlaubrac.fr\\\/#website\",\"url\":\"https:\\\/\\\/deschevresetdesabeillessurlaubrac.fr\\\/\",\"name\":\"Des ch\u00e8vres et des abeilles sur l&#039;Aubrac\",\"description\":\"Un site utilisant WordPress\",\"publisher\":{\"@id\":\"https:\\\/\\\/deschevresetdesabeillessurlaubrac.fr\\\/#organization\"},\"potentialAction\":[{\"@type\":\"SearchAction\",\"target\":{\"@type\":\"EntryPoint\",\"urlTemplate\":\"https:\\\/\\\/deschevresetdesabeillessurlaubrac.fr\\\/?s={search_term_string}\"},\"query-input\":{\"@type\":\"PropertyValueSpecification\",\"valueRequired\":true,\"valueName\":\"search_term_string\"}}],\"inLanguage\":\"fr-FR\"},{\"@type\":\"Organization\",\"@id\":\"https:\\\/\\\/deschevresetdesabeillessurlaubrac.fr\\\/#organization\",\"name\":\"Des ch\u00e8vres et des abeilles sur l&#039;Aubrac\",\"url\":\"https:\\\/\\\/deschevresetdesabeillessurlaubrac.fr\\\/\",\"logo\":{\"@type\":\"ImageObject\",\"inLanguage\":\"fr-FR\",\"@id\":\"https:\\\/\\\/deschevresetdesabeillessurlaubrac.fr\\\/#\\\/schema\\\/logo\\\/image\\\/\",\"url\":\"https:\\\/\\\/deschevresetdesabeillessurlaubrac.fr\\\/wp-content\\\/uploads\\\/2025\\\/02\\\/cropped-Capture-decran-2025-02-07-a-18.20.01.png\",\"contentUrl\":\"https:\\\/\\\/deschevresetdesabeillessurlaubrac.fr\\\/wp-content\\\/uploads\\\/2025\\\/02\\\/cropped-Capture-decran-2025-02-07-a-18.20.01.png\",\"width\":651,\"height\":611,\"caption\":\"Des ch\u00e8vres et des abeilles sur l&#039;Aubrac\"},\"image\":{\"@id\":\"https:\\\/\\\/deschevresetdesabeillessurlaubrac.fr\\\/#\\\/schema\\\/logo\\\/image\\\/\"}}]}<\/script>\n<!-- \/ Yoast SEO plugin. -->","yoast_head_json":{"title":"Conditions g\u00e9n\u00e9rales de ventes et mentions l\u00e9gales - Des ch\u00e8vres et des abeilles sur l&#039;Aubrac","robots":{"index":"index","follow":"follow","max-snippet":"max-snippet:-1","max-image-preview":"max-image-preview:large","max-video-preview":"max-video-preview:-1"},"canonical":"https:\/\/deschevresetdesabeillessurlaubrac.fr\/?page_id=238","og_locale":"fr_FR","og_type":"article","og_title":"Conditions g\u00e9n\u00e9rales de ventes et mentions l\u00e9gales - Des ch\u00e8vres et des abeilles sur l&#039;Aubrac","og_description":"Conditions G\u00e9n\u00e9rales de Vente (CGV) 1. Pr\u00e9ambule Les pr\u00e9sentes Conditions G\u00e9n\u00e9rales de Vente (CGV) r\u00e9gissent les ventes conclues sur le [&hellip;]","og_url":"https:\/\/deschevresetdesabeillessurlaubrac.fr\/?page_id=238","og_site_name":"Des ch\u00e8vres et des abeilles sur l&#039;Aubrac","article_modified_time":"2025-04-07T09:08:39+00:00","twitter_card":"summary_large_image","twitter_misc":{"Dur\u00e9e de lecture estim\u00e9e":"5 minutes"},"schema":{"@context":"https:\/\/schema.org","@graph":[{"@type":"WebPage","@id":"https:\/\/deschevresetdesabeillessurlaubrac.fr\/?page_id=238","url":"https:\/\/deschevresetdesabeillessurlaubrac.fr\/?page_id=238","name":"Conditions g\u00e9n\u00e9rales de ventes et mentions l\u00e9gales - Des ch\u00e8vres et des abeilles sur l&#039;Aubrac","isPartOf":{"@id":"https:\/\/deschevresetdesabeillessurlaubrac.fr\/#website"},"datePublished":"2025-02-24T09:02:45+00:00","dateModified":"2025-04-07T09:08:39+00:00","breadcrumb":{"@id":"https:\/\/deschevresetdesabeillessurlaubrac.fr\/?page_id=238#breadcrumb"},"inLanguage":"fr-FR","potentialAction":[{"@type":"ReadAction","target":["https:\/\/deschevresetdesabeillessurlaubrac.fr\/?page_id=238"]}]},{"@type":"BreadcrumbList","@id":"https:\/\/deschevresetdesabeillessurlaubrac.fr\/?page_id=238#breadcrumb","itemListElement":[{"@type":"ListItem","position":1,"name":"Accueil","item":"https:\/\/deschevresetdesabeillessurlaubrac.fr\/"},{"@type":"ListItem","position":2,"name":"Conditions g\u00e9n\u00e9rales de ventes et mentions l\u00e9gales"}]},{"@type":"WebSite","@id":"https:\/\/deschevresetdesabeillessurlaubrac.fr\/#website","url":"https:\/\/deschevresetdesabeillessurlaubrac.fr\/","name":"Des ch\u00e8vres et des abeilles sur l&#039;Aubrac","description":"Un site utilisant WordPress","publisher":{"@id":"https:\/\/deschevresetdesabeillessurlaubrac.fr\/#organization"},"potentialAction":[{"@type":"SearchAction","target":{"@type":"EntryPoint","urlTemplate":"https:\/\/deschevresetdesabeillessurlaubrac.fr\/?s={search_term_string}"},"query-input":{"@type":"PropertyValueSpecification","valueRequired":true,"valueName":"search_term_string"}}],"inLanguage":"fr-FR"},{"@type":"Organization","@id":"https:\/\/deschevresetdesabeillessurlaubrac.fr\/#organization","name":"Des ch\u00e8vres et des abeilles sur l&#039;Aubrac","url":"https:\/\/deschevresetdesabeillessurlaubrac.fr\/","logo":{"@type":"ImageObject","inLanguage":"fr-FR","@id":"https:\/\/deschevresetdesabeillessurlaubrac.fr\/#\/schema\/logo\/image\/","url":"https:\/\/deschevresetdesabeillessurlaubrac.fr\/wp-content\/uploads\/2025\/02\/cropped-Capture-decran-2025-02-07-a-18.20.01.png","contentUrl":"https:\/\/deschevresetdesabeillessurlaubrac.fr\/wp-content\/uploads\/2025\/02\/cropped-Capture-decran-2025-02-07-a-18.20.01.png","width":651,"height":611,"caption":"Des ch\u00e8vres et des abeilles sur l&#039;Aubrac"},"image":{"@id":"https:\/\/deschevresetdesabeillessurlaubrac.fr\/#\/schema\/logo\/image\/"}}]}},"_links":{"self":[{"href":"https:\/\/deschevresetdesabeillessurlaubrac.fr\/index.php?rest_route=\/wp\/v2\/pages\/238","targetHints":{"allow":["GET"]}}],"collection":[{"href":"https:\/\/deschevresetdesabeillessurlaubrac.fr\/index.php?rest_route=\/wp\/v2\/pages"}],"about":[{"href":"https:\/\/deschevresetdesabeillessurlaubrac.fr\/index.php?rest_route=\/wp\/v2\/types\/page"}],"author":[{"embeddable":true,"href":"https:\/\/deschevresetdesabeillessurlaubrac.fr\/index.php?rest_route=\/wp\/v2\/users\/1"}],"replies":[{"embeddable":true,"href":"https:\/\/deschevresetdesabeillessurlaubrac.fr\/index.php?rest_route=%2Fwp%2Fv2%2Fcomments&post=238"}],"version-history":[{"count":13,"href":"https:\/\/deschevresetdesabeillessurlaubrac.fr\/index.php?rest_route=\/wp\/v2\/pages\/238\/revisions"}],"predecessor-version":[{"id":512,"href":"https:\/\/deschevresetdesabeillessurlaubrac.fr\/index.php?rest_route=\/wp\/v2\/pages\/238\/revisions\/512"}],"wp:attachment":[{"href":"https:\/\/deschevresetdesabeillessurlaubrac.fr\/index.php?rest_route=%2Fwp%2Fv2%2Fmedia&parent=238"}],"curies":[{"name":"wp","href":"https:\/\/api.w.org\/{rel}","templated":true}]}}